{"id":158,"date":"2010-02-11T18:24:16","date_gmt":"2010-02-11T17:24:16","guid":{"rendered":"http:\/\/www.xn--praxis-dr-rdiger-mahrt-2lc.de\/?page_id=158"},"modified":"2022-10-21T11:29:19","modified_gmt":"2022-10-21T10:29:19","slug":"ihr-termin","status":"publish","type":"page","link":"https:\/\/www.praxis-dr-ruediger-mahrt.de\/?page_id=158","title":{"rendered":"Ihr Termin"},"content":{"rendered":"\t\t<div data-elementor-type=\"wp-page\" data-elementor-id=\"158\" class=\"elementor elementor-158\">\n\t\t\t\t\t\t<section class=\"elementor-section elementor-top-section elementor-element elementor-element-1caafabf elementor-section-boxed elementor-section-height-default elementor-section-height-default\" data-id=\"1caafabf\" data-element_type=\"section\">\n\t\t\t\t\t\t<div class=\"elementor-container elementor-column-gap-default\">\n\t\t\t\t\t<div class=\"elementor-column elementor-col-100 elementor-top-column elementor-element elementor-element-3e0cdba9\" data-id=\"3e0cdba9\" data-element_type=\"column\">\n\t\t\t<div class=\"elementor-widget-wrap elementor-element-populated\">\n\t\t\t\t\t\t<div class=\"elementor-element elementor-element-522550d2 elementor-widget elementor-widget-text-editor\" data-id=\"522550d2\" data-element_type=\"widget\" data-widget_type=\"text-editor.default\">\n\t\t\t\t<div class=\"elementor-widget-container\">\n\t\t\t\t\t\t\t\t\t<p style=\"text-align: justify;\"><a href=\"https:\/\/www.praxis-dr-ruediger-mahrt.de\/wp-content\/uploads\/2017\/12\/Sitzgruppe_a.jpg\"><img decoding=\"async\" class=\"alignleft wp-image-1594\" src=\"https:\/\/www.praxis-dr-ruediger-mahrt.de\/wp-content\/uploads\/2017\/12\/Sitzgruppe_a-300x300.jpg\" alt=\"\" width=\"101\" height=\"101\" srcset=\"https:\/\/www.praxis-dr-ruediger-mahrt.de\/wp-content\/uploads\/2017\/12\/Sitzgruppe_a-300x300.jpg 300w, https:\/\/www.praxis-dr-ruediger-mahrt.de\/wp-content\/uploads\/2017\/12\/Sitzgruppe_a-150x150.jpg 150w, https:\/\/www.praxis-dr-ruediger-mahrt.de\/wp-content\/uploads\/2017\/12\/Sitzgruppe_a.jpg 346w\" sizes=\"(max-width: 101px) 100vw, 101px\" \/><\/a><\/p><p style=\"text-align: justify;\"><a href=\"https:\/\/www.praxis-dr-ruediger-mahrt.de\/wp-content\/uploads\/2010\/09\/Labor.jpg\"><img fetchpriority=\"high\" decoding=\"async\" class=\"alignleft size-medium wp-image-600\" title=\"Labor\" src=\"https:\/\/www.praxis-dr-ruediger-mahrt.de\/wp-content\/uploads\/2010\/09\/Labor-300x225.jpg\" alt=\"\" width=\"300\" height=\"225\" srcset=\"https:\/\/www.praxis-dr-ruediger-mahrt.de\/wp-content\/uploads\/2010\/09\/Labor-300x225.jpg 300w, https:\/\/www.praxis-dr-ruediger-mahrt.de\/wp-content\/uploads\/2010\/09\/Labor.jpg 640w\" sizes=\"(max-width: 300px) 100vw, 300px\" \/><\/a><\/p><p style=\"text-align: justify;\"><span style=\"color: #000000;\">Die Praxis ist als Terminpraxis organisiert. Wir tun unser M\u00f6glichstes, um alle Termine p\u00fcnktlich einzuhalten. <\/span><\/p><p><em><span style=\"color: #000000;\">Zur\u00a0 Blutabnahme kommen Sie bitte, soweit es Ihnen m\u00f6glich ist, n\u00fcchtern.<\/span><\/em><\/p><p style=\"text-align: justify;\"><span style=\"color: #000000;\">Wenn sp\u00e4ter eingetroffene Patienten teilweise eher aufgerufen werden, kann dies damit begr\u00fcndet sein, dass diese Patienten nur zur Blutentnahme, Infusion oder zu bestimmten Untersuchungen einbestellt sind. <\/span><\/p><p style=\"text-align: justify;\"><span style=\"color: #000000;\">Selbstverst\u00e4ndlich werden Notfallpatienten immer vorrangig behandelt.<\/span><\/p><p style=\"text-align: justify;\"><span style=\"color: #000000;\">Sollten Sie Fragen zu Ihrem Impfstatus haben, bringen Sie bitte Ihren Impfausweis mit. <\/span><\/p><p style=\"text-align: justify;\"><span style=\"color: #000000;\">Hausbesuche erfordern eine vorherige pers\u00f6nliche Absprache. <\/span><\/p><p style=\"text-align: justify;\"><span style=\"color: #000000;\">Auch hierf\u00fcr ist die Telefonsprechstunde der geeignete Zeitpunkt.<\/span><\/p><p><strong>\u00a0Unsere Terminvergabe und Ihre Rezeptbestellungen bitten wir Sie ausschlie\u00dflich telefonisch \u00fcber die Anmeldung zu erfragen. Vielen Dank, Ihr Praxisteam<\/strong><\/p><p style=\"text-align: justify;\"><span style=\"color: #000000;\">\u00a0\u00a0\u00a0\u00a0\u00a0\u00a0\u00a0\u00a0\u00a0\u00a0\u00a0\u00a0\u00a0\u00a0\u00a0\u00a0\u00a0\u00a0\u00a0\u00a0\u00a0\u00a0\u00a0\u00a0\u00a0\u00a0\u00a0\u00a0\u00a0\u00a0\u00a0\u00a0\u00a0\u00a0\u00a0\u00a0\u00a0\u00a0\u00a0\u00a0\u00a0\u00a0\u00a0\u00a0\u00a0\u00a0\u00a0\u00a0\u00a0\u00a0\u00a0\u00a0\u00a0\u00a0\u00a0\u00a0\u00a0\u00a0\u00a0\u00a0\u00a0\u00a0\u00a0\u00a0\u00a0\u00a0\u00a0\u00a0\u00a0\u00a0\u00a0\u00a0\u00a0\u00a0\u00a0\u00a0\u00a0\u00a0\u00a0\u00a0\u00a0<\/span><\/p>\t\t\t\t\t\t\t\t<\/div>\n\t\t\t\t<\/div>\n\t\t\t\t\t<\/div>\n\t\t<\/div>\n\t\t\t\t\t<\/div>\n\t\t<\/section>\n\t\t\t\t<\/div>\n\t\t","protected":false},"excerpt":{"rendered":"<p>Die Praxis ist als Terminpraxis organisiert. Wir tun unser M\u00f6glichstes, um alle Termine p\u00fcnktlich einzuhalten. Zur\u00a0 Blutabnahme kommen Sie bitte, soweit es Ihnen m\u00f6glich ist, n\u00fcchtern. Wenn sp\u00e4ter eingetroffene Patienten teilweise eher aufgerufen werden, kann dies damit begr\u00fcndet sein, dass diese Patienten nur zur Blutentnahme, Infusion oder zu bestimmten Untersuchungen einbestellt sind. Selbstverst\u00e4ndlich werden Notfallpatienten [&hellip;]<\/p>\n","protected":false},"author":2,"featured_media":0,"parent":0,"menu_order":4,"comment_status":"closed","ping_status":"closed","template":"","meta":{"footnotes":""},"class_list":["post-158","page","type-page","status-publish","hentry"],"_links":{"self":[{"href":"https:\/\/www.praxis-dr-ruediger-mahrt.de\/index.php?rest_route=\/wp\/v2\/pages\/158","targetHints":{"allow":["GET"]}}],"collection":[{"href":"https:\/\/www.praxis-dr-ruediger-mahrt.de\/index.php?rest_route=\/wp\/v2\/pages"}],"about":[{"href":"https:\/\/www.praxis-dr-ruediger-mahrt.de\/index.php?rest_route=\/wp\/v2\/types\/page"}],"author":[{"embeddable":true,"href":"https:\/\/www.praxis-dr-ruediger-mahrt.de\/index.php?rest_route=\/wp\/v2\/users\/2"}],"replies":[{"embeddable":true,"href":"https:\/\/www.praxis-dr-ruediger-mahrt.de\/index.php?rest_route=%2Fwp%2Fv2%2Fcomments&post=158"}],"version-history":[{"count":129,"href":"https:\/\/www.praxis-dr-ruediger-mahrt.de\/index.php?rest_route=\/wp\/v2\/pages\/158\/revisions"}],"predecessor-version":[{"id":2619,"href":"https:\/\/www.praxis-dr-ruediger-mahrt.de\/index.php?rest_route=\/wp\/v2\/pages\/158\/revisions\/2619"}],"wp:attachment":[{"href":"https:\/\/www.praxis-dr-ruediger-mahrt.de\/index.php?rest_route=%2Fwp%2Fv2%2Fmedia&parent=158"}],"curies":[{"name":"wp","href":"https:\/\/api.w.org\/{rel}","templated":true}]}}